{"id":67,"date":"2022-04-18T11:27:05","date_gmt":"2022-04-18T11:27:05","guid":{"rendered":"https:\/\/loxopay.ch\/?page_id=67"},"modified":"2026-01-27T15:09:21","modified_gmt":"2026-01-27T15:09:21","slug":"support","status":"publish","type":"page","link":"https:\/\/loxopay.ch\/en\/support\/","title":{"rendered":"Support"},"content":{"rendered":"<div data-elementor-type=\"wp-page\" data-elementor-id=\"67\" class=\"elementor elementor-67\" data-elementor-post-type=\"page\">\n\t\t\t\t\t\t<section class=\"elementor-section elementor-top-section elementor-element elementor-element-6d3662f elementor-section-full_width elementor-section-stretched elementor-section-height-default elementor-section-height-default\" data-id=\"6d3662f\" data-element_type=\"section\" data-settings=\"{&quot;background_background&quot;:&quot;classic&quot;,&quot;stretch_section&quot;:&quot;section-stretched&quot;,&quot;shape_divider_bottom&quot;:&quot;tilt&quot;}\">\n\t\t\t\t\t<div class=\"elementor-shape elementor-shape-bottom\" aria-hidden=\"true\" data-negative=\"false\">\n\t\t\t<svg xmlns=\"http:\/\/www.w3.org\/2000\/svg\" viewbox=\"0 0 1000 100\" preserveaspectratio=\"none\">\n\t<path class=\"elementor-shape-fill\" d=\"M0,6V0h1000v100L0,6z\"\/>\n<\/svg>\t\t<\/div>\n\t\t\t\t\t<div class=\"elementor-container elementor-column-gap-default\">\n\t\t\t\t\t<div class=\"elementor-column elementor-col-100 elementor-top-column elementor-element elementor-element-dc1ecb5\" data-id=\"dc1ecb5\" data-element_type=\"column\">\n\t\t\t<div class=\"elementor-widget-wrap elementor-element-populated\">\n\t\t\t\t\t\t<section class=\"elementor-section elementor-inner-section elementor-element elementor-element-6c5e2bb elementor-section-full_width elementor-section-height-default elementor-section-height-default elementor-invisible\" data-id=\"6c5e2bb\" data-element_type=\"section\" data-settings=\"{&quot;animation&quot;:&quot;fadeIn&quot;}\">\n\t\t\t\t\t\t<div class=\"elementor-container elementor-column-gap-default\">\n\t\t\t\t\t<div class=\"elementor-column elementor-col-50 elementor-inner-column elementor-element elementor-element-3e57dd1\" data-id=\"3e57dd1\" data-element_type=\"column\">\n\t\t\t<div class=\"elementor-widget-wrap elementor-element-populated\">\n\t\t\t\t\t\t<div class=\"elementor-element elementor-element-d6fa098 elementor-widget elementor-widget-heading\" data-id=\"d6fa098\" data-element_type=\"widget\" data-widget_type=\"heading.default\">\n\t\t\t\t<div class=\"elementor-widget-container\">\n\t\t\t\t\t<h2 class=\"elementor-heading-title elementor-size-default\">You have four options for using our support.<\/h2>\t\t\t\t<\/div>\n\t\t\t\t<\/div>\n\t\t\t\t<div class=\"elementor-element elementor-element-a746e58 elementor-widget elementor-widget-text-editor\" data-id=\"a746e58\" data-element_type=\"widget\" data-widget_type=\"text-editor.default\">\n\t\t\t\t<div class=\"elementor-widget-container\">\n\t\t\t\t\t\t\t\t\t<p><strong>1. Online: <\/strong>Live chat via the icon at the bottom right<br \/><strong>2. Videocall:<\/strong> <a href=\"https:\/\/loxopay.ch\/en\/beratung\/\"><span style=\"text-decoration: underline;\">Appointment<\/span><\/a> agree<br \/><strong>3. E-mail:<\/strong> <a href=\"mailto:info@loxotipu.com\">info@loxotipu.ch<\/a><br \/><strong>4. Telephone:<\/strong> <a href=\"tel:0041715757664\">+41 71 575 76 64<\/a><\/p>\t\t\t\t\t\t\t\t<\/div>\n\t\t\t\t<\/div>\n\t\t\t\t\t<\/div>\n\t\t<\/div>\n\t\t\t\t<div class=\"elementor-column elementor-col-50 elementor-inner-column elementor-element elementor-element-3b05c9c\" data-id=\"3b05c9c\" data-element_type=\"column\">\n\t\t\t<div class=\"elementor-widget-wrap\">\n\t\t\t\t\t\t\t<\/div>\n\t\t<\/div>\n\t\t\t\t\t<\/div>\n\t\t<\/section>\n\t\t\t\t\t<\/div>\n\t\t<\/div>\n\t\t\t\t\t<\/div>\n\t\t<\/section>\n\t\t\t\t<section class=\"elementor-section elementor-top-section elementor-element elementor-element-e800810 elementor-section-full_width elementor-section-stretched elementor-section-height-default elementor-section-height-default elementor-invisible\" data-id=\"e800810\" data-element_type=\"section\" data-settings=\"{&quot;stretch_section&quot;:&quot;section-stretched&quot;,&quot;animation&quot;:&quot;fadeIn&quot;}\">\n\t\t\t\t\t\t<div class=\"elementor-container elementor-column-gap-default\">\n\t\t\t\t\t<div class=\"elementor-column elementor-col-100 elementor-top-column elementor-element elementor-element-a2dde01\" data-id=\"a2dde01\" data-element_type=\"column\">\n\t\t\t<div class=\"elementor-widget-wrap elementor-element-populated\">\n\t\t\t\t\t\t<section class=\"elementor-section elementor-inner-section elementor-element elementor-element-685828e elementor-section-full_width elementor-section-height-default elementor-section-height-default\" data-id=\"685828e\" data-element_type=\"section\">\n\t\t\t\t\t\t<div class=\"elementor-container elementor-column-gap-default\">\n\t\t\t\t\t<div class=\"elementor-column elementor-col-100 elementor-inner-column elementor-element elementor-element-a35a54d\" data-id=\"a35a54d\" data-element_type=\"column\">\n\t\t\t<div class=\"elementor-widget-wrap elementor-element-populated\">\n\t\t\t\t\t\t<div class=\"elementor-element elementor-element-d3d0e63 elementor-widget elementor-widget-heading\" data-id=\"d3d0e63\" data-element_type=\"widget\" data-widget_type=\"heading.default\">\n\t\t\t\t<div class=\"elementor-widget-container\">\n\t\t\t\t\t<h2 class=\"elementor-heading-title elementor-size-default\">We look forward to supporting you.<\/h2>\t\t\t\t<\/div>\n\t\t\t\t<\/div>\n\t\t\t\t\t<\/div>\n\t\t<\/div>\n\t\t\t\t\t<\/div>\n\t\t<\/section>\n\t\t\t\t\t<\/div>\n\t\t<\/div>\n\t\t\t\t\t<\/div>\n\t\t<\/section>\n\t\t\t\t<\/div>","protected":false},"excerpt":{"rendered":"<p>Sie haben vier M\u00f6glichkeiten, unseren Support zu nutzen. 1. Online: Live-Chat im Symbol rechts unten2. Videocall: Termin vereinbaren3. E-Mail: info@loxotipu.ch4. Telefon: +41 71 575 76 64 Wir freuen uns, Sie zu unterst\u00fctzen.<\/p>","protected":false},"author":1,"featured_media":0,"parent":0,"menu_order":0,"comment_status":"closed","ping_status":"closed","template":"","meta":{"footnotes":""},"class_list":["post-67","page","type-page","status-publish","hentry"],"yoast_head":"<!-- This site is optimized with the Yoast SEO plugin v26.8 - https:\/\/yoast.com\/product\/yoast-seo-wordpress\/ -->\n<title>Support - Loxopay.ch<\/title>\n<meta name=\"description\" content=\"Sie haben vier M\u00f6glichkeiten, unseren Support zu nutzen: Live-Chat, Videocall, E-Mail und Telefon. 365 Tage im Jahr.\" \/>\n<meta name=\"robots\" content=\"index, follow, max-snippet:-1, max-image-preview:large, max-video-preview:-1\" \/>\n<link rel=\"canonical\" href=\"https:\/\/loxopay.ch\/en\/support\/\" \/>\n<meta property=\"og:locale\" content=\"en_GB\" \/>\n<meta property=\"og:type\" content=\"article\" \/>\n<meta property=\"og:title\" content=\"Support - Loxopay.ch\" \/>\n<meta property=\"og:description\" content=\"Sie haben vier M\u00f6glichkeiten, unseren Support zu nutzen: Live-Chat, Videocall, E-Mail und Telefon. 365 Tage im Jahr.\" \/>\n<meta property=\"og:url\" content=\"https:\/\/loxopay.ch\/en\/support\/\" \/>\n<meta property=\"og:site_name\" content=\"Loxopay.ch\" \/>\n<meta property=\"article:modified_time\" content=\"2026-01-27T15:09:21+00:00\" \/>\n<meta name=\"twitter:card\" content=\"summary_large_image\" \/>\n<meta name=\"twitter:label1\" content=\"Estimated reading time\" \/>\n\t<meta name=\"twitter:data1\" content=\"1 minute\" \/>\n<script type=\"application\/ld+json\" class=\"yoast-schema-graph\">{\"@context\":\"https:\/\/schema.org\",\"@graph\":[{\"@type\":\"WebPage\",\"@id\":\"https:\/\/loxopay.ch\/support\/\",\"url\":\"https:\/\/loxopay.ch\/support\/\",\"name\":\"Support - Loxopay.ch\",\"isPartOf\":{\"@id\":\"https:\/\/loxopay.ch\/#website\"},\"datePublished\":\"2022-04-18T11:27:05+00:00\",\"dateModified\":\"2026-01-27T15:09:21+00:00\",\"description\":\"Sie haben vier M\u00f6glichkeiten, unseren Support zu nutzen: Live-Chat, Videocall, E-Mail und Telefon. 365 Tage im Jahr.\",\"inLanguage\":\"en-GB\",\"potentialAction\":[{\"@type\":\"ReadAction\",\"target\":[\"https:\/\/loxopay.ch\/support\/\"]}]},{\"@type\":\"WebSite\",\"@id\":\"https:\/\/loxopay.ch\/#website\",\"url\":\"https:\/\/loxopay.ch\/\",\"name\":\"Loxopay.ch\",\"description\":\"Zahlungsl\u00f6sung f\u00fcr Onlineshops und station\u00e4ren Handel\",\"publisher\":{\"@id\":\"https:\/\/loxopay.ch\/#organization\"},\"potentialAction\":[{\"@type\":\"SearchAction\",\"target\":{\"@type\":\"EntryPoint\",\"urlTemplate\":\"https:\/\/loxopay.ch\/?s={search_term_string}\"},\"query-input\":{\"@type\":\"PropertyValueSpecification\",\"valueRequired\":true,\"valueName\":\"search_term_string\"}}],\"inLanguage\":\"en-GB\"},{\"@type\":\"Organization\",\"@id\":\"https:\/\/loxopay.ch\/#organization\",\"name\":\"Loxopay.ch\",\"url\":\"https:\/\/loxopay.ch\/\",\"logo\":{\"@type\":\"ImageObject\",\"inLanguage\":\"en-GB\",\"@id\":\"https:\/\/loxopay.ch\/#\/schema\/logo\/image\/\",\"url\":\"https:\/\/loxopay.ch\/wp-content\/uploads\/2022\/04\/Loxopay-Logo.png\",\"contentUrl\":\"https:\/\/loxopay.ch\/wp-content\/uploads\/2022\/04\/Loxopay-Logo.png\",\"width\":776,\"height\":776,\"caption\":\"Loxopay.ch\"},\"image\":{\"@id\":\"https:\/\/loxopay.ch\/#\/schema\/logo\/image\/\"}}]}<\/script>\n<!-- \/ Yoast SEO plugin. -->","yoast_head_json":{"title":"Support - Loxopay.ch","description":"You have four ways to use our support: Live chat, video call, email and phone. 365 days a year.","robots":{"index":"index","follow":"follow","max-snippet":"max-snippet:-1","max-image-preview":"max-image-preview:large","max-video-preview":"max-video-preview:-1"},"canonical":"https:\/\/loxopay.ch\/en\/support\/","og_locale":"en_GB","og_type":"article","og_title":"Support - Loxopay.ch","og_description":"Sie haben vier M\u00f6glichkeiten, unseren Support zu nutzen: Live-Chat, Videocall, E-Mail und Telefon. 365 Tage im Jahr.","og_url":"https:\/\/loxopay.ch\/en\/support\/","og_site_name":"Loxopay.ch","article_modified_time":"2026-01-27T15:09:21+00:00","twitter_card":"summary_large_image","twitter_misc":{"Estimated reading time":"1 minute"},"schema":{"@context":"https:\/\/schema.org","@graph":[{"@type":"WebPage","@id":"https:\/\/loxopay.ch\/support\/","url":"https:\/\/loxopay.ch\/support\/","name":"Support - Loxopay.ch","isPartOf":{"@id":"https:\/\/loxopay.ch\/#website"},"datePublished":"2022-04-18T11:27:05+00:00","dateModified":"2026-01-27T15:09:21+00:00","description":"You have four ways to use our support: Live chat, video call, email and phone. 365 days a year.","inLanguage":"en-GB","potentialAction":[{"@type":"ReadAction","target":["https:\/\/loxopay.ch\/support\/"]}]},{"@type":"WebSite","@id":"https:\/\/loxopay.ch\/#website","url":"https:\/\/loxopay.ch\/","name":"Loxopay.ch","description":"Payment solution for online shops and stationary trade","publisher":{"@id":"https:\/\/loxopay.ch\/#organization"},"potentialAction":[{"@type":"SearchAction","target":{"@type":"EntryPoint","urlTemplate":"https:\/\/loxopay.ch\/?s={search_term_string}"},"query-input":{"@type":"PropertyValueSpecification","valueRequired":true,"valueName":"search_term_string"}}],"inLanguage":"en-GB"},{"@type":"Organization","@id":"https:\/\/loxopay.ch\/#organization","name":"Loxopay.ch","url":"https:\/\/loxopay.ch\/","logo":{"@type":"ImageObject","inLanguage":"en-GB","@id":"https:\/\/loxopay.ch\/#\/schema\/logo\/image\/","url":"https:\/\/loxopay.ch\/wp-content\/uploads\/2022\/04\/Loxopay-Logo.png","contentUrl":"https:\/\/loxopay.ch\/wp-content\/uploads\/2022\/04\/Loxopay-Logo.png","width":776,"height":776,"caption":"Loxopay.ch"},"image":{"@id":"https:\/\/loxopay.ch\/#\/schema\/logo\/image\/"}}]}},"_links":{"self":[{"href":"https:\/\/loxopay.ch\/en\/wp-json\/wp\/v2\/pages\/67","targetHints":{"allow":["GET"]}}],"collection":[{"href":"https:\/\/loxopay.ch\/en\/wp-json\/wp\/v2\/pages"}],"about":[{"href":"https:\/\/loxopay.ch\/en\/wp-json\/wp\/v2\/types\/page"}],"author":[{"embeddable":true,"href":"https:\/\/loxopay.ch\/en\/wp-json\/wp\/v2\/users\/1"}],"replies":[{"embeddable":true,"href":"https:\/\/loxopay.ch\/en\/wp-json\/wp\/v2\/comments?post=67"}],"version-history":[{"count":38,"href":"https:\/\/loxopay.ch\/en\/wp-json\/wp\/v2\/pages\/67\/revisions"}],"predecessor-version":[{"id":2274,"href":"https:\/\/loxopay.ch\/en\/wp-json\/wp\/v2\/pages\/67\/revisions\/2274"}],"wp:attachment":[{"href":"https:\/\/loxopay.ch\/en\/wp-json\/wp\/v2\/media?parent=67"}],"curies":[{"name":"wp","href":"https:\/\/api.w.org\/{rel}","templated":true}]}}